{"id":64,"date":"2016-04-05T11:29:40","date_gmt":"2016-04-05T11:29:40","guid":{"rendered":"http:\/\/www.izipic.pt\/fotografia\/?page_id=64"},"modified":"2022-12-30T10:24:19","modified_gmt":"2022-12-30T10:24:19","slug":"contatos","status":"publish","type":"page","link":"https:\/\/www.izipic.pt\/fotografia\/contatos\/","title":{"rendered":"Contatos"},"content":{"rendered":"<div id=\"pl-64\"  class=\"panel-layout\" ><div id=\"pg-64-0\"  class=\"panel-grid panel-no-style\" ><div id=\"pgc-64-0-0\"  class=\"panel-grid-cell panel-grid-cell-empty\" ><\/div><div id=\"pgc-64-0-1\"  class=\"panel-grid-cell panel-grid-cell-mobile-last\" ><div id=\"panel-64-0-1-0\" class=\"so-panel widget widget_sow-editor panel-first-child panel-last-child\" data-index=\"0\" ><div class=\"so-widget-sow-editor so-widget-sow-editor-base\">\n<div class=\"siteorigin-widget-tinymce textwidget\">\n\t<p style=\"text-align: center;\">Porto - Bragan\u00e7a<\/p>\n<p style=\"text-align: center;\">Whatsapp\/Tlm.: +351 936 942 282 (chamada para a rede m\u00f3vel nacional)<\/p>\n<p style=\"text-align: center;\">info@izipic.pt<\/p>\n<\/div>\n<\/div><\/div><\/div><div id=\"pgc-64-0-2\"  class=\"panel-grid-cell panel-grid-cell-empty\" ><\/div><\/div><div id=\"pg-64-1\"  class=\"panel-grid panel-no-style\" ><div id=\"pgc-64-1-0\"  class=\"panel-grid-cell panel-grid-cell-empty\" ><\/div><div id=\"pgc-64-1-1\"  class=\"panel-grid-cell panel-grid-cell-mobile-last\" ><div id=\"panel-64-1-1-0\" class=\"so-panel widget widget_sow-editor panel-first-child panel-last-child\" data-index=\"1\" ><div class=\"so-widget-sow-editor so-widget-sow-editor-base\">\n<div class=\"siteorigin-widget-tinymce textwidget\">\n\t<p style=\"text-align: center;\">FOT\u00d3GRAFO PORTO \u2022 FOT\u00d3GRAFO BRAGAN\u00c7A TR\u00c1S-OS-MONTES \u2022 FOT\u00d3GRAFO PORTUGAL \u2022 OPORTO PHOTOGRAPHER \u2022 PORTUGAL PHOTOGRAPHER<\/p>\n<\/div>\n<\/div><\/div><\/div><div id=\"pgc-64-1-2\"  class=\"panel-grid-cell panel-grid-cell-empty\" ><\/div><\/div><\/div>","protected":false},"excerpt":{"rendered":"<p>Porto &#8211; Bragan\u00e7a Whatsapp\/Tlm.: +351 936 942 282 (chamada para a rede m\u00f3vel nacional) info@izipic.pt FOT\u00d3GRAFO PORTO \u2022 FOT\u00d3GRAFO BRAGAN\u00c7A TR\u00c1S-OS-MONTES \u2022 FOT\u00d3GRAFO PORTUGAL \u2022 OPORTO PHOTOGRAPHER \u2022 PORTUGAL PHOTOGRAPHER<\/p>\n","protected":false},"author":1,"featured_media":0,"parent":0,"menu_order":0,"comment_status":"closed","ping_status":"closed","template":"page-full.php","meta":[],"yoast_head":"<!-- This site is optimized with the Yoast SEO plugin v16.0.2 - https:\/\/yoast.com\/wordpress\/plugins\/seo\/ -->\n<title>Contatos - IZIPIC<\/title>\n<link rel=\"canonical\" href=\"https:\/\/www.izipic.pt\/fotografia\/contatos\/\" \/>\n<meta property=\"og:locale\" content=\"pt_PT\" \/>\n<meta property=\"og:type\" content=\"article\" \/>\n<meta property=\"og:title\" content=\"Contatos - IZIPIC\" \/>\n<meta property=\"og:description\" content=\"Porto - Bragan\u00e7a Whatsapp\/Tlm.: +351 936 942 282 (chamada para a rede m\u00f3vel nacional) info@izipic.pt FOT\u00d3GRAFO PORTO \u2022 FOT\u00d3GRAFO BRAGAN\u00c7A TR\u00c1S-OS-MONTES \u2022 FOT\u00d3GRAFO PORTUGAL \u2022 OPORTO PHOTOGRAPHER \u2022 PORTUGAL PHOTOGRAPHER\" \/>\n<meta property=\"og:url\" content=\"https:\/\/www.izipic.pt\/fotografia\/contatos\/\" \/>\n<meta property=\"og:site_name\" content=\"IZIPIC\" \/>\n<meta property=\"article:publisher\" content=\"https:\/\/www.facebook.com\/izipic.pt\/\" \/>\n<meta property=\"article:modified_time\" content=\"2022-12-30T10:24:19+00:00\" \/>\n<meta name=\"twitter:card\" content=\"summary_large_image\" \/>\n<script type=\"application\/ld+json\" class=\"yoast-schema-graph\">{\"@context\":\"https:\/\/schema.org\",\"@graph\":[{\"@type\":\"Organization\",\"@id\":\"https:\/\/www.izipic.pt\/fotografia\/#organization\",\"name\":\"IZIPIC - Fotografia e V\\u00eddeo\",\"url\":\"https:\/\/www.izipic.pt\/fotografia\/\",\"sameAs\":[\"https:\/\/www.facebook.com\/izipic.pt\/\",\"https:\/\/www.instagram.com\/izipic\/\",\"https:\/\/www.youtube.com\/c\/IZIPICgondomar\"],\"logo\":{\"@type\":\"ImageObject\",\"@id\":\"https:\/\/www.izipic.pt\/fotografia\/#logo\",\"inLanguage\":\"pt-PT\",\"url\":\"https:\/\/www.izipic.pt\/fotografia\/wp-content\/uploads\/2018\/06\/IZIPIC-LOGOTIPO-1080p.jpg\",\"width\":1920,\"height\":1080,\"caption\":\"IZIPIC - Fotografia e V\\u00eddeo\"},\"image\":{\"@id\":\"https:\/\/www.izipic.pt\/fotografia\/#logo\"}},{\"@type\":\"WebSite\",\"@id\":\"https:\/\/www.izipic.pt\/fotografia\/#website\",\"url\":\"https:\/\/www.izipic.pt\/fotografia\/\",\"name\":\"IZIPIC\",\"description\":\"Fotografia e V\\u00eddeo\",\"publisher\":{\"@id\":\"https:\/\/www.izipic.pt\/fotografia\/#organization\"},\"potentialAction\":[{\"@type\":\"SearchAction\",\"target\":\"https:\/\/www.izipic.pt\/fotografia\/?s={search_term_string}\",\"query-input\":\"required name=search_term_string\"}],\"inLanguage\":\"pt-PT\"},{\"@type\":\"WebPage\",\"@id\":\"https:\/\/www.izipic.pt\/fotografia\/contatos\/#webpage\",\"url\":\"https:\/\/www.izipic.pt\/fotografia\/contatos\/\",\"name\":\"Contatos - IZIPIC\",\"isPartOf\":{\"@id\":\"https:\/\/www.izipic.pt\/fotografia\/#website\"},\"datePublished\":\"2016-04-05T11:29:40+00:00\",\"dateModified\":\"2022-12-30T10:24:19+00:00\",\"breadcrumb\":{\"@id\":\"https:\/\/www.izipic.pt\/fotografia\/contatos\/#breadcrumb\"},\"inLanguage\":\"pt-PT\",\"potentialAction\":[{\"@type\":\"ReadAction\",\"target\":[\"https:\/\/www.izipic.pt\/fotografia\/contatos\/\"]}]},{\"@type\":\"BreadcrumbList\",\"@id\":\"https:\/\/www.izipic.pt\/fotografia\/contatos\/#breadcrumb\",\"itemListElement\":[{\"@type\":\"ListItem\",\"position\":1,\"item\":{\"@type\":\"WebPage\",\"@id\":\"https:\/\/www.izipic.pt\/fotografia\/\",\"url\":\"https:\/\/www.izipic.pt\/fotografia\/\",\"name\":\"In\\u00edcio\"}},{\"@type\":\"ListItem\",\"position\":2,\"item\":{\"@type\":\"WebPage\",\"@id\":\"https:\/\/www.izipic.pt\/fotografia\/contatos\/\",\"url\":\"https:\/\/www.izipic.pt\/fotografia\/contatos\/\",\"name\":\"Contatos\"}}]}]}<\/script>\n<!-- \/ Yoast SEO plugin. -->","_links":{"self":[{"href":"https:\/\/www.izipic.pt\/fotografia\/wp-json\/wp\/v2\/pages\/64"}],"collection":[{"href":"https:\/\/www.izipic.pt\/fotografia\/wp-json\/wp\/v2\/pages"}],"about":[{"href":"https:\/\/www.izipic.pt\/fotografia\/wp-json\/wp\/v2\/types\/page"}],"author":[{"embeddable":true,"href":"https:\/\/www.izipic.pt\/fotografia\/wp-json\/wp\/v2\/users\/1"}],"replies":[{"embeddable":true,"href":"https:\/\/www.izipic.pt\/fotografia\/wp-json\/wp\/v2\/comments?post=64"}],"version-history":[{"count":33,"href":"https:\/\/www.izipic.pt\/fotografia\/wp-json\/wp\/v2\/pages\/64\/revisions"}],"predecessor-version":[{"id":1967,"href":"https:\/\/www.izipic.pt\/fotografia\/wp-json\/wp\/v2\/pages\/64\/revisions\/1967"}],"wp:attachment":[{"href":"https:\/\/www.izipic.pt\/fotografia\/wp-json\/wp\/v2\/media?parent=64"}],"curies":[{"name":"wp","href":"https:\/\/api.w.org\/{rel}","templated":true}]}}